{"id":1376,"date":"2020-12-18T16:31:04","date_gmt":"2020-12-18T16:31:04","guid":{"rendered":"https:\/\/kabera.de\/?page_id=1376"},"modified":"2021-03-08T17:03:31","modified_gmt":"2021-03-08T17:03:31","slug":"informationen-2","status":"publish","type":"page","link":"https:\/\/kabera.de\/index.php\/informationen\/informationen-2\/","title":{"rendered":"Anorexie und Magersucht"},"content":{"rendered":"\t\t<div data-elementor-type=\"wp-page\" data-elementor-id=\"1376\" class=\"elementor elementor-1376\">\n\t\t\t\t\t\t<section class=\"elementor-section elementor-top-section elementor-element elementor-element-480f092b elementor-section-stretched breadcrumbs elementor-section-boxed elementor-section-height-default elementor-section-height-default\" data-id=\"480f092b\" data-element_type=\"section\" data-settings=\"{&quot;stretch_section&quot;:&quot;section-stretched&quot;,&quot;background_background&quot;:&quot;classic&quot;}\">\n\t\t\t\t\t\t<div class=\"elementor-container elementor-column-gap-default\">\n\t\t\t\t\t<div class=\"elementor-column elementor-col-50 elementor-top-column elementor-element elementor-element-3fd21a4\" data-id=\"3fd21a4\" data-element_type=\"column\">\n\t\t\t<div class=\"elementor-widget-wrap elementor-element-populated\">\n\t\t\t\t\t\t<div class=\"elementor-element elementor-element-75c902f8 elementor-widget elementor-widget-heading\" data-id=\"75c902f8\" data-element_type=\"widget\" data-widget_type=\"heading.default\">\n\t\t\t\t<div class=\"elementor-widget-container\">\n\t\t\t\t\t<h3 class=\"elementor-heading-title elementor-size-default\">Anorexie und Magersucht<\/h3>\t\t\t\t<\/div>\n\t\t\t\t<\/div>\n\t\t\t\t\t<\/div>\n\t\t<\/div>\n\t\t\t\t<div class=\"elementor-column elementor-col-50 elementor-top-column elementor-element elementor-element-380ef0d8\" data-id=\"380ef0d8\" data-element_type=\"column\">\n\t\t\t<div class=\"elementor-widget-wrap elementor-element-populated\">\n\t\t\t\t\t\t<div class=\"elementor-element elementor-element-4e538571 nomargin breadcrumb elementor-widget elementor-widget-text-editor\" data-id=\"4e538571\" data-element_type=\"widget\" data-widget_type=\"text-editor.default\">\n\t\t\t\t<div class=\"elementor-widget-container\">\n\t\t\t\t\t\t\t\t\t<p><a href=\"https:\/\/kabera.de\/\">Home<\/a>\u00a0 \u00a0&gt;\u00a0 \u00a0<a href=\"https:\/\/kabera.de\/index.php\/informationen\/\">Informationen<\/a>\u00a0 \u00a0&gt;\u00a0 <a href=\"https:\/\/kabera.de\/index.php\/informationen\/informationen-2\/\">\u00a0Anorexie und Magersucht<\/a><\/p>\t\t\t\t\t\t\t\t<\/div>\n\t\t\t\t<\/div>\n\t\t\t\t\t<\/div>\n\t\t<\/div>\n\t\t\t\t\t<\/div>\n\t\t<\/section>\n\t\t\t\t<section class=\"elementor-section elementor-top-section elementor-element elementor-element-29a02b3 elementor-section-stretched elementor-section-boxed elementor-section-height-default elementor-section-height-default\" data-id=\"29a02b3\" data-element_type=\"section\" data-settings=\"{&quot;stretch_section&quot;:&quot;section-stretched&quot;}\">\n\t\t\t\t\t\t<div class=\"elementor-container elementor-column-gap-default\">\n\t\t\t\t\t<div class=\"elementor-column elementor-col-100 elementor-top-column elementor-element elementor-element-659b14d desktop_extrapadd\" data-id=\"659b14d\" data-element_type=\"column\">\n\t\t\t<div class=\"elementor-widget-wrap elementor-element-populated\">\n\t\t\t\t\t\t<div class=\"elementor-element elementor-element-0773d09 elementor-widget elementor-widget-heading\" data-id=\"0773d09\" data-element_type=\"widget\" data-widget_type=\"heading.default\">\n\t\t\t\t<div class=\"elementor-widget-container\">\n\t\t\t\t\t<h4 class=\"elementor-heading-title elementor-size-default\">Informationen zum Thema Anorexie \/ Magersucht<\/h4>\t\t\t\t<\/div>\n\t\t\t\t<\/div>\n\t\t\t\t<div class=\"elementor-element elementor-element-3422063 elementor-widget elementor-widget-text-editor\" data-id=\"3422063\" data-element_type=\"widget\" data-widget_type=\"text-editor.default\">\n\t\t\t\t<div class=\"elementor-widget-container\">\n\t\t\t\t\t\t\t\t\t<p>Diese Informationen bieten kein vollst\u00e4ndiges Abbild der unterschiedlichen, individuellen Auspr\u00e4gungen von Essst\u00f6rungen. Falls nur Teile der unten genannten Informationen auf Sie zutreffen oder Sie einfach das Gef\u00fchl haben eine Beratung k\u00f6nnte f\u00fcr Sie hilfreich sein, k\u00f6nnen Sie uns jederzeit kontaktieren.<\/p>\t\t\t\t\t\t\t\t<\/div>\n\t\t\t\t<\/div>\n\t\t\t\t\t<\/div>\n\t\t<\/div>\n\t\t\t\t\t<\/div>\n\t\t<\/section>\n\t\t\t\t<section class=\"elementor-section elementor-top-section elementor-element elementor-element-8cc03e1 elementor-section-boxed elementor-section-height-default elementor-section-height-default\" data-id=\"8cc03e1\" data-element_type=\"section\">\n\t\t\t\t\t\t<div class=\"elementor-container elementor-column-gap-default\">\n\t\t\t\t\t<div class=\"elementor-column elementor-col-100 elementor-top-column elementor-element elementor-element-a10d00e\" data-id=\"a10d00e\" data-element_type=\"column\">\n\t\t\t<div class=\"elementor-widget-wrap elementor-element-populated\">\n\t\t\t\t\t\t<div class=\"elementor-element elementor-element-3d83f28 elementor-widget elementor-widget-toggle\" data-id=\"3d83f28\" data-element_type=\"widget\" data-widget_type=\"toggle.default\">\n\t\t\t\t<div class=\"elementor-widget-container\">\n\t\t\t\t\t\t\t<div class=\"elementor-toggle\">\n\t\t\t\t\t\t\t<div class=\"elementor-toggle-item\">\n\t\t\t\t\t<div id=\"elementor-tab-title-6451\" class=\"elementor-tab-title\" data-tab=\"1\" role=\"button\" aria-controls=\"elementor-tab-content-6451\" aria-expanded=\"false\">\n\t\t\t\t\t\t\t\t\t\t\t\t<span class=\"elementor-toggle-icon elementor-toggle-icon-left\" aria-hidden=\"true\">\n\t\t\t\t\t\t\t\t\t\t\t\t\t\t\t<span class=\"elementor-toggle-icon-closed\"><i class=\"fas fa-plus\"><\/i><\/span>\n\t\t\t\t\t\t\t\t<span class=\"elementor-toggle-icon-opened\"><i class=\"elementor-toggle-icon-opened fas fa-minus\"><\/i><\/span>\n\t\t\t\t\t\t\t\t\t\t\t\t\t<\/span>\n\t\t\t\t\t\t\t\t\t\t\t\t<a class=\"elementor-toggle-title\" tabindex=\"0\">Informationen rund um Anorexie<\/a>\n\t\t\t\t\t<\/div>\n\n\t\t\t\t\t<div id=\"elementor-tab-content-6451\" class=\"elementor-tab-content elementor-clearfix\" data-tab=\"1\" role=\"region\" aria-labelledby=\"elementor-tab-title-6451\"><p><strong>Typische Anzeichen: <\/strong><\/p><p>Menschen mit Anorexie sind oftmals leistungsorientiert, leiden unter Versagens\u00e4ngsten und erleben die Kontrolle \u00fcber ihr Gewicht als Erfolg. Diesen bewerten sie durch permanentes Wiegen. Obwohl sie das Essen vermeiden, besch\u00e4ftigen sie sich dennoch st\u00e4ndig gedanklich mit Kalorienz\u00e4hlen und kalorienarmer Nahrungszubereitung. Viele Betroffene kochen gerne f\u00fcr andere und verleiten diese zum Essen. Andererseits weigern sie sich selbst an gemeinsamen Mahlzeiten teilzunehmen. K\u00f6rpersignale wie Hungergef\u00fchl oder M\u00fcdigkeit werden von Menschen mit Anorexie im Laufe der Zeit kaum noch wahrgenommen.<\/p><p>Das Selbstwertgef\u00fchl h\u00e4ngt h\u00e4ufig mit dem Essverhalten, mit der Wahrnehmung des eigenen K\u00f6rpers und mit der Gewichtskontrolle zusammen.<\/p><p>Gedanken k\u00f6nnen stark eingenommen sein von Ern\u00e4hrung, Essensplanung, Gewicht und dem \u00e4u\u00dferen Erscheinungsbild. H\u00e4ufige Begleiter der St\u00f6rung ist der Wunsch nach Kontrolle sowie die Ablehnung des eigenen K\u00f6rpers und der eigenen Person.<\/p><p>Wenn Menschen an Anorexie leiden, f\u00e4llt das in ihrer \u00e4u\u00dferlichen Erscheinung meist deutlich auf. Es gibt jedoch auch Formen der Anorexie ohne Untergewicht, auch dann ist eine Gef\u00e4hrdung des K\u00f6rpers wahrscheinlich. Es ist wichtig sich in psychotherapeutische und \u00e4rztliche Behandlung zu begeben.<\/p><p>\u00a0<\/p><p><strong>Ursachen:<\/strong><\/p><p>Die Ursachen f\u00fcr Anorexia nervosa sind nicht grunds\u00e4tzlich aufkl\u00e4rbar. Es ist davon auszugehen, dass es sich um ein Zusammenspiel von psychischen und sozialen Faktoren handelt, unter Umst\u00e4nden auch mit erblichem Einfluss. Auch das Schlankheitsideal der westlichen Gesellschaft tr\u00e4gt einen gro\u00dfen Teil zur Entstehung von Essst\u00f6rungen bei. Viele weitere, individuelle Faktoren k\u00f6nnen zu einem gest\u00f6rten Essverhalten und zu Anorexie f\u00fchren, z.B. bestimmte Rollenerwartungen, ein Mangel an Selbstwertgef\u00fchl und andere, auch famili\u00e4re Faktoren.<\/p><p>\u00a0<\/p><p><strong>Folgen:<\/strong><\/p><p>Anorexia nervosa ist eine schwere Erkrankung mit schwerwiegenden k\u00f6rperlichen Folgeerscheinungen und kann unter Umst\u00e4nden t\u00f6dlich sein. Anorexie hat die h\u00f6chste Sterblichkeitsrate aller psychischen Erkrankungen.<\/p><p>Die gesundheitlichen Auswirkungen k\u00f6nnen gravierend sein. Bei Essst\u00f6rungen ist oftmals der Hormonhaushalt beeintr\u00e4chtigt, sodass bei M\u00e4dchen und Frauen die Regelblutung ausbleibt. Bei erheblicher Unter- oder Mangelern\u00e4hrung kann der Puls so verlangsamt sein, dass Herzrhythmusst\u00f6rungen resultieren. Auch die K\u00f6rpertemperatur ist meist niedrig.<\/p><p>Gef\u00e4hrlich ist vor allem das Elektrolytungleichgewicht. Es beeintr\u00e4chtigt die Funktion von Gehirn und Muskeln. L\u00e4nger andauernde Elektrolytst\u00f6rungen sch\u00e4digen die Nieren.<\/p><p>Unter den k\u00f6rperlichen schweren Folgen kommt es von Beginn an zu starken psychischen Belastungen und Einschr\u00e4nkungen in der Bew\u00e4ltigung der Krankheit und des Alltags.<\/p><p><strong>\u00a0<\/strong><\/p><p>Wir beraten Sie, wenn Sie an Anorexia Nervosa leiden, oder sich um Nahestehende Sorgen machen H\u00e4ufig kann es wichtig sein, zun\u00e4chst eine Einsch\u00e4tzung von Au\u00dfen zu bekommen, um die eigene Situation begreifen zu k\u00f6nnen.<\/p><\/div>\n\t\t\t\t<\/div>\n\t\t\t\t\t\t\t\t<\/div>\n\t\t\t\t\t\t<\/div>\n\t\t\t\t<\/div>\n\t\t\t\t\t<\/div>\n\t\t<\/div>\n\t\t\t\t\t<\/div>\n\t\t<\/section>\n\t\t\t\t<\/div>\n\t\t","protected":false},"excerpt":{"rendered":"<p>Anorexie und Magersucht Home\u00a0 \u00a0&gt;\u00a0 \u00a0Informationen\u00a0 \u00a0&gt;\u00a0 \u00a0Anorexie und Magersucht Informationen zum Thema Anorexie \/ Magersucht Diese Informationen bieten kein vollst\u00e4ndiges Abbild [&hellip;]<\/p>\n","protected":false},"author":1,"featured_media":0,"parent":45,"menu_order":0,"comment_status":"closed","ping_status":"closed","template":"elementor_header_footer","meta":{"footnotes":""},"class_list":["post-1376","page","type-page","status-publish","hentry"],"_links":{"self":[{"href":"https:\/\/kabera.de\/index.php\/wp-json\/wp\/v2\/pages\/1376","targetHints":{"allow":["GET"]}}],"collection":[{"href":"https:\/\/kabera.de\/index.php\/wp-json\/wp\/v2\/pages"}],"about":[{"href":"https:\/\/kabera.de\/index.php\/wp-json\/wp\/v2\/types\/page"}],"author":[{"embeddable":true,"href":"https:\/\/kabera.de\/index.php\/wp-json\/wp\/v2\/users\/1"}],"replies":[{"embeddable":true,"href":"https:\/\/kabera.de\/index.php\/wp-json\/wp\/v2\/comments?post=1376"}],"version-history":[{"count":40,"href":"https:\/\/kabera.de\/index.php\/wp-json\/wp\/v2\/pages\/1376\/revisions"}],"predecessor-version":[{"id":3297,"href":"https:\/\/kabera.de\/index.php\/wp-json\/wp\/v2\/pages\/1376\/revisions\/3297"}],"up":[{"embeddable":true,"href":"https:\/\/kabera.de\/index.php\/wp-json\/wp\/v2\/pages\/45"}],"wp:attachment":[{"href":"https:\/\/kabera.de\/index.php\/wp-json\/wp\/v2\/media?parent=1376"}],"curies":[{"name":"wp","href":"https:\/\/api.w.org\/{rel}","templated":true}]}}